{"id":4052,"date":"2022-05-17T13:11:30","date_gmt":"2022-05-17T13:11:30","guid":{"rendered":"https:\/\/germanistika.ffzg.unizg.hr\/titelseite\/"},"modified":"2024-06-21T12:23:18","modified_gmt":"2024-06-21T10:23:18","slug":"titelseite","status":"publish","type":"page","link":"https:\/\/germanistika.ffzg.unizg.hr\/de\/","title":{"rendered":"Titelseite"},"content":{"rendered":"<p><div class=\"fusion-fullwidth fullwidth-box fusion-builder-row-1 fusion-flex-container nonhundred-percent-fullwidth non-hundred-percent-height-scrolling\" style=\"--awb-border-sizes-top:0;--awb-border-sizes-bottom:0;--awb-border-sizes-left:0;--awb-border-sizes-right:0;--awb-border-radius-top-left:0px;--awb-border-radius-top-right:0px;--awb-border-radius-bottom-right:0px;--awb-border-radius-bottom-left:0px;--awb-padding-top:25px;--awb-flex-wrap:wrap;\" ><div class=\"fusion-builder-row fusion-row fusion-flex-align-items-flex-start fusion-flex-content-wrap\" style=\"max-width:1248px;margin-left: calc(-4% \/ 2 );margin-right: calc(-4% \/ 2 );\"><div class=\"fusion-layout-column fusion_builder_column fusion-builder-column-0 fusion_builder_column_1_1 1_1 fusion-flex-column\" style=\"--awb-bg-size:cover;--awb-border-color:#cccccc;--awb-border-top:1px;--awb-border-right:1px;--awb-border-bottom:1px;--awb-border-left:1px;--awb-border-style:solid;--awb-width-large:100%;--awb-margin-top-large:0px;--awb-spacing-right-large:1.92%;--awb-margin-bottom-large:20px;--awb-spacing-left-large:1.92%;--awb-width-medium:100%;--awb-order-medium:0;--awb-spacing-right-medium:1.92%;--awb-spacing-left-medium:1.92%;--awb-width-small:100%;--awb-order-small:0;--awb-spacing-right-small:1.92%;--awb-spacing-left-small:1.92%;\"><div class=\"fusion-column-wrapper fusion-column-has-shadow fusion-flex-justify-content-flex-start fusion-content-layout-column\"><div class=\"fusion-search-element fusion-search-element-1 fusion-search-form-clean\">\t\t<form role=\"search\" class=\"searchform fusion-search-form  fusion-live-search fusion-search-form-clean\" method=\"get\" action=\"https:\/\/germanistika.ffzg.unizg.hr\/de\/\">\n\t\t\t<div class=\"fusion-search-form-content\">\n\n\t\t\t\t\n\t\t\t\t<div class=\"fusion-search-field search-field\">\n\t\t\t\t\t<label><span class=\"screen-reader-text\">Search for:<\/span>\n\t\t\t\t\t\t\t\t\t\t\t\t\t<input type=\"search\" class=\"s fusion-live-search-input\" name=\"s\" id=\"fusion-live-search-input-0\" autocomplete=\"off\" placeholder=\"Suche\" required aria-required=\"true\" aria-label=\"Suche\"\/>\n\t\t\t\t\t\t\t\t\t\t\t<\/label>\n\t\t\t\t<\/div>\n\t\t\t\t<div class=\"fusion-search-button search-button\">\n\t\t\t\t\t<input type=\"submit\" class=\"fusion-search-submit searchsubmit\" aria-label=\"Search\" value=\"&#xf002;\" \/>\n\t\t\t\t\t\t\t\t\t\t<div class=\"fusion-slider-loading\"><\/div>\n\t\t\t\t\t\t\t\t\t<\/div>\n\n\t\t\t\t<input type=\"hidden\" name=\"post_type[]\" value=\"post\" \/><input type=\"hidden\" name=\"post_type[]\" value=\"page\" \/><input type=\"hidden\" name=\"search_limit_to_post_titles\" value=\"0\" \/><input type=\"hidden\" name=\"add_woo_product_skus\" value=\"0\" \/><input type=\"hidden\" name=\"live_min_character\" value=\"4\" \/><input type=\"hidden\" name=\"live_posts_per_page\" value=\"100\" \/><input type=\"hidden\" name=\"live_search_display_featured_image\" value=\"1\" \/><input type=\"hidden\" name=\"live_search_display_post_type\" value=\"1\" \/><input type=\"hidden\" name=\"fs\" value=\"1\" \/>\n\t\t\t<\/div>\n\n\n\t\t\t\t\t\t\t<div class=\"fusion-search-results-wrapper\"><div class=\"fusion-search-results\"><\/div><\/div>\n\t\t\t\n\t\t<\/form>\n\t\t<\/div><\/div><\/div><\/div><\/div><div class=\"fusion-fullwidth fullwidth-box fusion-builder-row-2 fusion-flex-container fusion-parallax-none nonhundred-percent-fullwidth non-hundred-percent-height-scrolling\" style=\"--awb-border-radius-top-left:0px;--awb-border-radius-top-right:0px;--awb-border-radius-bottom-right:0px;--awb-border-radius-bottom-left:0px;--awb-background-image:url(&quot;https:\/\/germanistika.ffzg.unizg.hr\/wp-content\/uploads\/2022\/01\/knjige-dark-300x200.jpg&quot;);--awb-background-size:cover;--awb-flex-wrap:wrap;\" ><div class=\"fusion-builder-row fusion-row fusion-flex-align-items-flex-start fusion-flex-content-wrap\" style=\"max-width:1248px;margin-left: calc(-4% \/ 2 );margin-right: calc(-4% \/ 2 );\"><div class=\"fusion-layout-column fusion_builder_column fusion-builder-column-1 fusion_builder_column_1_1 1_1 fusion-flex-column\" style=\"--awb-bg-size:cover;--awb-width-large:100%;--awb-margin-top-large:0px;--awb-spacing-right-large:1.92%;--awb-margin-bottom-large:20px;--awb-spacing-left-large:1.92%;--awb-width-medium:100%;--awb-order-medium:0;--awb-spacing-right-medium:1.92%;--awb-spacing-left-medium:1.92%;--awb-width-small:100%;--awb-order-small:0;--awb-spacing-right-small:1.92%;--awb-spacing-left-small:1.92%;\"><div class=\"fusion-column-wrapper fusion-column-has-shadow fusion-flex-justify-content-flex-start fusion-content-layout-column\"><div class=\"fusion-text fusion-text-1 fusion-text-no-margin\" style=\"--awb-font-size:26px;--awb-text-transform:uppercase;--awb-text-color:#ffffff;--awb-margin-top:30px;--awb-margin-right:1px;--awb-margin-left:1px;\"><div class=\"fusion-column-wrapper fusion-flex-justify-content-flex-start fusion-content-layout-column\" data-bg-url=\"https:\/\/germanistika.ffzg.unizg.hr\/wp-content\/uploads\/2022\/01\/germ-head.jpg\">\n<div class=\"fusion-text fusion-text-1\">\n<div class=\"fusion-column-wrapper fusion-flex-justify-content-flex-start fusion-content-layout-column\">\n<div class=\"fusion-text fusion-text-1 fusion-animated fusion-no-small-visibility\" data-animationtype=\"zoomInDown\" data-animationduration=\"0.3\" data-animationoffset=\"top-into-view\">\n<p class=\"fusion-responsive-typography-calculated\" style=\"text-align: center;\" data-fontsize=\"36\" data-lineheight=\"43.2px\"><strong>\u2013 DOBRO DO\u0160LI NA STRANICE ODSJEKA ZA GERMANISTIKU \u2013<\/strong><\/p>\n<p style=\"text-align: center;\"><strong>AKTUALNE OBJAVE<\/strong><\/p>\n<\/div>\n<\/div>\n<\/div>\n<\/div>\n<\/div><\/div><\/div><\/div><\/div><div class=\"fusion-fullwidth fullwidth-box fusion-builder-row-3 fusion-flex-container nonhundred-percent-fullwidth non-hundred-percent-height-scrolling\" style=\"--awb-border-radius-top-left:0px;--awb-border-radius-top-right:0px;--awb-border-radius-bottom-right:0px;--awb-border-radius-bottom-left:0px;--awb-padding-top:20px;--awb-flex-wrap:wrap;\" ><div class=\"fusion-builder-row fusion-row fusion-flex-align-items-flex-start fusion-flex-content-wrap\" style=\"max-width:1248px;margin-left: calc(-4% \/ 2 );margin-right: calc(-4% \/ 2 );\"><div class=\"fusion-layout-column fusion_builder_column fusion-builder-column-2 fusion_builder_column_1_1 1_1 fusion-flex-column\" style=\"--awb-bg-size:cover;--awb-width-large:100%;--awb-margin-top-large:0px;--awb-spacing-right-large:1.92%;--awb-margin-bottom-large:20px;--awb-spacing-left-large:1.92%;--awb-width-medium:100%;--awb-order-medium:0;--awb-spacing-right-medium:1.92%;--awb-spacing-left-medium:1.92%;--awb-width-small:100%;--awb-order-small:0;--awb-spacing-right-small:1.92%;--awb-spacing-left-small:1.92%;\"><div class=\"fusion-column-wrapper fusion-column-has-shadow fusion-flex-justify-content-flex-start fusion-content-layout-column\"><div class=\"fusion-recent-posts fusion-recent-posts-1 avada-container layout-default layout-columns-1\"><section class=\"fusion-columns columns fusion-columns-1 columns-1\"><article class=\"post fusion-column column col col-lg-12 col-md-12 col-sm-12\"><div class=\"recent-posts-content\"><span class=\"entry-title\" style=\"display: none;\">Geschichte der Germanistik in Zagreb<\/span><span class=\"vcard\" style=\"display: none;\"><span class=\"fn\"><a href=\"https:\/\/germanistika.ffzg.unizg.hr\/de\/author\/fmustic\/\" title=\"Beitr\u00e4ge von fmustic\" rel=\"author\">fmustic<\/a><\/span><\/span><span class=\"updated\" style=\"display:none;\">2022-05-17T14:05:14+02:00<\/span><p class=\"meta\"><span class=\"vcard\" style=\"display: none;\"><span class=\"fn\"><a href=\"https:\/\/germanistika.ffzg.unizg.hr\/de\/author\/fmustic\/\" title=\"Beitr\u00e4ge von fmustic\" rel=\"author\">fmustic<\/a><\/span><\/span><span class=\"updated\" style=\"display:none;\">2022-05-17T14:05:14+02:00<\/span><span>17. Mai 2022.<\/span><span class=\"fusion-inline-sep\">|<\/span><\/p><p> Die Abteilung f\u00fcr Germanistik an der Philosophischen Fakult\u00e4t der Universit\u00e4t Zagreb blickt auf eine lange Geschichte zur\u00fcck. Im Jahr 1895 wurde der Lehrstuhl f\u00fcr deutsche Sprache gegr\u00fcndet, 1897 mit den deutschsprachigen Universit\u00e4ten in \u00d6sterreich-Ungarn [...]<\/p><\/div><\/article><article class=\"post fusion-column column col col-lg-12 col-md-12 col-sm-12\"><div class=\"recent-posts-content\"><span class=\"entry-title\" style=\"display: none;\">Programm: Vordiplomstudium Germanistik<\/span><span class=\"vcard\" style=\"display: none;\"><span class=\"fn\"><a href=\"https:\/\/germanistika.ffzg.unizg.hr\/de\/author\/fmustic\/\" title=\"Beitr\u00e4ge von fmustic\" rel=\"author\">fmustic<\/a><\/span><\/span><span class=\"updated\" style=\"display:none;\">2022-05-17T13:48:52+02:00<\/span><p class=\"meta\"><span class=\"vcard\" style=\"display: none;\"><span class=\"fn\"><a href=\"https:\/\/germanistika.ffzg.unizg.hr\/de\/author\/fmustic\/\" title=\"Beitr\u00e4ge von fmustic\" rel=\"author\">fmustic<\/a><\/span><\/span><span class=\"updated\" style=\"display:none;\">2022-05-17T13:48:52+02:00<\/span><span>17. Mai 2022.<\/span><span class=\"fusion-inline-sep\">|<\/span><\/p><p>Das Vordiplomstudium der Germanistik bietet den Studierenden eine breit gef\u00e4cherte, fundierte Ausbildung im gesamten Fachbereich und erm\u00f6glicht den Erwerb einer sehr hohen Sprachkompetenz. Der Schwerpunkt liegt dabei auf dem Basiswissen und den grundlegenden Fertigkeiten des [...]<\/p><\/div><\/article><\/section><\/div><\/div><\/div><\/div><\/div><\/p>\n","protected":false},"excerpt":{"rendered":"","protected":false},"author":1,"featured_media":0,"parent":0,"menu_order":0,"comment_status":"closed","ping_status":"closed","template":"100-width.php","meta":{"footnotes":""},"class_list":["post-4052","page","type-page","status-publish","hentry"],"_links":{"self":[{"href":"https:\/\/germanistika.ffzg.unizg.hr\/de\/wp-json\/wp\/v2\/pages\/4052","targetHints":{"allow":["GET"]}}],"collection":[{"href":"https:\/\/germanistika.ffzg.unizg.hr\/de\/wp-json\/wp\/v2\/pages"}],"about":[{"href":"https:\/\/germanistika.ffzg.unizg.hr\/de\/wp-json\/wp\/v2\/types\/page"}],"author":[{"embeddable":true,"href":"https:\/\/germanistika.ffzg.unizg.hr\/de\/wp-json\/wp\/v2\/users\/1"}],"replies":[{"embeddable":true,"href":"https:\/\/germanistika.ffzg.unizg.hr\/de\/wp-json\/wp\/v2\/comments?post=4052"}],"version-history":[{"count":37,"href":"https:\/\/germanistika.ffzg.unizg.hr\/de\/wp-json\/wp\/v2\/pages\/4052\/revisions"}],"predecessor-version":[{"id":6285,"href":"https:\/\/germanistika.ffzg.unizg.hr\/de\/wp-json\/wp\/v2\/pages\/4052\/revisions\/6285"}],"wp:attachment":[{"href":"https:\/\/germanistika.ffzg.unizg.hr\/de\/wp-json\/wp\/v2\/media?parent=4052"}],"curies":[{"name":"wp","href":"https:\/\/api.w.org\/{rel}","templated":true}]}}